{"id":4359,"date":"2020-09-08T08:09:00","date_gmt":"2020-09-08T06:09:00","guid":{"rendered":"https:\/\/lacasadelosmoyas.com\/aviso-legal\/"},"modified":"2024-02-28T19:48:35","modified_gmt":"2024-02-28T18:48:35","slug":"legal-notice-and-cookies-policy","status":"publish","type":"page","link":"https:\/\/lacasadelosmoyas.com\/en\/legal-notice-and-cookies-policy\/","title":{"rendered":"Legal Notice and Cookies Policy"},"content":{"rendered":"\n<h2 class=\"wp-block-heading\">AVISO LEGAL<\/h2>\n\n\n\n<h3 class=\"wp-block-heading\">Objeto<\/h3>\n\n\n\n<p>La presente p\u00e1gina web y todo su contenido, incluidos los servicios prestados, pertenece a la casa rural La Casa de Los Moyas (en adelante, La Casa de Los Moyas), con n\u00ba de inscripci\u00f3n en el Registro oficial de Turismo del Gobierno de Arag\u00f3n CR-TE-606, cuya responsable es Teresa Laguna, provista de CIF 22680957-J, con domicilio en Barrio Los Moyas 1 y 2, 44479, Olba (Teruel), cuyo tel\u00e9fono de contacto es el 618 362 980 y cuyo email de contacto es <a href=\"mailto:hola@lacasadelosmoyas.es\" target=\"_blank\" aria-label=\" (opens in a new tab)\" rel=\"noreferrer noopener\" class=\"rank-math-link\">hola@lacasadelosmoyas.es<\/a>. <\/p>\n\n\n\n<p>En este Aviso Legal, el Usuario, puede encontrar toda la informaci\u00f3n relativa a los t\u00e9rminos y condiciones legales que definen las relaciones entre los usuarios y La Casa de Los Moyas, como responsable de esta web. Como usuario, es importante que conozca estos t\u00e9rminos antes de continuar su navegaci\u00f3n.&nbsp;<\/p>\n\n\n\n<p>La Casa de Los Moyas, como responsable de esta web, asume el compromiso de procesar la informaci\u00f3n de los usuarios y clientes con plenas garant\u00edas y cumplir con los requisitos nacionales y europeos que regulan la recopilaci\u00f3n y uso de los datos personales de nuestros usuarios. Esta web, por tanto, cumple con el RGPD (REGLAMENTO (UE) 2016\/679 de protecci\u00f3n de datos) y la LSSI-CE la Ley 34\/2002, de 11 de julio, de servicios de la sociedad de la informaci\u00f3n y de comercio electr\u00f3nico.<\/p>\n\n\n\n<p><\/p>\n\n\n\n<h3 class=\"wp-block-heading\"><strong>Condiciones generales de uso<\/strong><\/h3>\n\n\n\n<p>El presente Aviso Legal regula el uso (incluyendo el mero acceso) de las p\u00e1ginas de la web www.lacasadelosmoyas.com, incluidos los contenidos y servicios puestos a disposici\u00f3n a trav\u00e9s de ella.&nbsp;<\/p>\n\n\n\n<p><\/p>\n\n\n\n<h3 class=\"wp-block-heading\"><strong>Aceptaci\u00f3n de las condiciones generales de uso<\/strong><\/h3>\n\n\n\n<p>Toda persona que acceda a la web, www.lacasadelosmoyas.com (\u201cUsuario\u201d) acepta someterse a las Condiciones Generales vigentes en cada momento del portal www.lacasadelosmoyas.com.<\/p>\n\n\n\n<p><\/p>\n\n\n\n<h3 class=\"wp-block-heading\"><strong>Protecci\u00f3n de datos personales<\/strong><\/h3>\n\n\n\n<p>En La Casa de Los Moyas estamos comprometidos con el cumplimiento de la normativa de protecci\u00f3n de datos personales, y especialmente de las medidas de seguridad dispuestas en el Reglamento Europeo de Protecci\u00f3n de Datos y la normativa espa\u00f1ola de protecci\u00f3n de datos. Para m\u00e1s informaci\u00f3n, lea nuestra <a href=\"https:\/\/lacasadelosmoyas.com\/politica-de-privacidad\/\" target=\"_blank\" aria-label=\" (opens in a new tab)\" rel=\"noreferrer noopener\" class=\"rank-math-link\">Pol\u00edtica de Privacidad<\/a>.<\/p>\n\n\n\n<p><\/p>\n\n\n\n<h3 class=\"wp-block-heading\"><strong>Compromisos y obligaciones de los usuarios<\/strong><\/h3>\n\n\n\n<p>El Usuario queda informado, y acepta, que el acceso a la presente web no supone, en modo alguno, el inicio de una relaci\u00f3n comercial con www.lacasadelosmoyas.com. De esta forma, el usuario se compromete a utilizar el sitio Web, sus servicios y contenidos sin contravenir la legislaci\u00f3n vigente, la buena fe y el orden p\u00fablico.<\/p>\n\n\n\n<p>Queda prohibido el uso de la web, con fines il\u00edcitos o lesivos, o que, de cualquier forma, puedan causar perjuicio o impedir el normal funcionamiento del sitio web.&nbsp;<\/p>\n\n\n\n<p>Respecto de los contenidos de esta web, se proh\u00edbe:&nbsp; su reproducci\u00f3n, distribuci\u00f3n o modificaci\u00f3n, total o parcial, a menos que se cuente con la autorizaci\u00f3n de sus leg\u00edtimos titulares; Cualquier vulneraci\u00f3n de los derechos del prestador o de los leg\u00edtimos titulares; Su utilizaci\u00f3n para fines comerciales o publicitarios.<\/p>\n\n\n\n<p>En la utilizaci\u00f3n de la web, www.lacasadelosmoyas.com, el Usuario se compromete a no llevar a cabo ninguna conducta, previsa o no en este Aviso Legal, que pudiera da\u00f1ar la imagen, los intereses y los derechos de www.lacasadelosmoyas.com o de terceros o que impidiera, de cualquier forma, la normal utilizaci\u00f3n de la web.&nbsp;<\/p>\n\n\n\n<p><\/p>\n\n\n\n<h3 class=\"wp-block-heading\"><strong>Medidas de seguridad <\/strong><\/h3>\n\n\n\n<p>Los datos personales comunicados por el usuario a www.lacasadelosmoyas.com pueden ser almacenados en bases de datos automatizadas o no, cuya titularidad corresponde en exclusiva a www.lacasadelosmoyas.com, asumiendo \u00e9sta todas las medidas de \u00edndole t\u00e9cnica, organizativa y de seguridad que garantizan la confidencialidad, integridad y calidad de la informaci\u00f3n contenida en las mismas de acuerdo con lo establecido en la normativa vigente en protecci\u00f3n de datos.<\/p>\n\n\n\n<p>La comunicaci\u00f3n entre los usuarios y www.lacasadelosmoyas.com utiliza un canal seguro, y los datos transmitidos son cifrados gracias a protocolos a https, por tanto, la confidencialidad de los datos de los usuarios est\u00e1 garantizada.<\/p>\n\n\n\n<p><\/p>\n\n\n\n<h3 class=\"wp-block-heading\"><strong>Derechos de propiedad intelectual e industrial<\/strong><\/h3>\n\n\n\n<p>En virtud de lo dispuesto en los art\u00edculos 8 y 32.1, p\u00e1rrafo segundo, de la Ley de Propiedad Intelectual, quedan expresamente prohibidas la reproducci\u00f3n, la distribuci\u00f3n y la comunicaci\u00f3n p\u00fablica, incluida su modalidad de puesta a disposici\u00f3n, de la totalidad o parte de los contenidos de esta p\u00e1gina web, con fines comerciales, en cualquier soporte y por cualquier medio t\u00e9cnico, sin la autorizaci\u00f3n de www.lacasadelosmoyas.com. El usuario se compromete a respetar los derechos de Propiedad Intelectual e Industrial titularidad de www.lacasadelosmoyas.com.<\/p>\n\n\n\n<p>El usuario conoce y acepta que la totalidad del sitio web, conteniendo sin car\u00e1cter exhaustivo el texto, software, contenidos (incluyendo estructura, selecci\u00f3n, ordenaci\u00f3n y presentaci\u00f3n de los mismos) podcast, fotograf\u00edas, material audiovisual y gr\u00e1ficos, est\u00e1 protegida por marcas, derechos de autor y otros derechos leg\u00edtimos, de acuerdo con los tratados internacionales en los que Espa\u00f1a es parte y otros derechos de propiedad y leyes de Espa\u00f1a. En el caso de que un usuario o un tercero consideren que se ha producido una violaci\u00f3n de sus leg\u00edtimos derechos de propiedad intelectual por la introducci\u00f3n de un determinado contenido en la web, deber\u00e1 notificar dicha circunstancia a www.lacasadelosmoyas.com indicando:<\/p>\n\n\n\n<ul class=\"wp-block-list\"><li>Datos personales del interesado titular de los derechos presuntamente infringidos, o indicar la representaci\u00f3n con la que act\u00faa en caso de que la reclamaci\u00f3n la presente un tercero distinto del interesado.<\/li><li>Se\u00f1alar los contenidos protegidos por los derechos de propiedad intelectual y su ubicaci\u00f3n en la web, la acreditaci\u00f3n de los derechos de propiedad intelectual se\u00f1alados y declaraci\u00f3n expresa en la que el interesado se responsabiliza de la veracidad de las informaciones facilitadas en la notificaci\u00f3n<\/li><\/ul>\n\n\n\n<h3 class=\"wp-block-heading\"><strong>Enlaces externos<\/strong><\/h3>\n\n\n\n<p>Las p\u00e1ginas de la web www.lacasadelosmoyas.com, podr\u00edan proporcionar enlaces a otros sitios web propios y contenidos que son propiedad de terceros. El \u00fanico objeto de los enlaces es proporcionar al Usuario la posibilidad de acceder a dichos enlaces. www.lacasadelosmoyas.com no se responsabiliza en ning\u00fan caso de los resultados que puedan derivarse al Usuario por acceso a dichos enlaces.<\/p>\n\n\n\n<p>El Usuario que se proponga establecer cualquier dispositivo t\u00e9cnico de enlace desde su sitio web al portal www.lacasadelosmoyas.com deber\u00e1 obtener la autorizaci\u00f3n previa y escrita de www.lacasadelosmoyas.com El establecimiento del enlace no implica en ning\u00fan caso la existencia de relaciones entre www.lacasadelosmoyas.com y el propietario del sitio en el que se establezca el enlace, ni la aceptaci\u00f3n o aprobaci\u00f3n por parte de www.lacasadelosmoyas.com de sus contenidos o servicios<\/p>\n\n\n\n<p><\/p>\n\n\n\n<h3 class=\"wp-block-heading\"><strong>Pol\u00edtica de comentarios<\/strong><\/h3>\n\n\n\n<p>En nuestra p\u00e1gina&nbsp; web se permiten realizar comentarios para enriquecer los contenidos y realizar consultas. No se admitir\u00e1n comentarios que no est\u00e9n relacionados con la tem\u00e1tica de esta web, que incluyan difamaciones, agravios, insultos, ataques personales o faltas de respeto en general hacia el autor o hacia otros miembros. Tambi\u00e9n ser\u00e1n suprimidos los comentarios que contengan informaci\u00f3n que sea obviamente enga\u00f1osa o falsa, as\u00ed como los comentarios que contengan informaci\u00f3n personal, como, por ejemplo, domicilios privados o tel\u00e9fonos y que vulneren nuestra pol\u00edtica de protecci\u00f3n de datos.<\/p>\n\n\n\n<p>Se desestimar\u00e1, igualmente, aquellos comentarios creados s\u00f3lo con fines promocionales de una web, persona o colectivo y todo lo que pueda ser considerado spam en general.<\/p>\n\n\n\n<p>No se permiten comentarios an\u00f3nimos, as\u00ed como aquellos realizados por una misma persona con distintos apodos. No se considerar\u00e1n tampoco aquellos comentarios que intenten forzar un debate o una toma de postura por otro usuario.<\/p>\n\n\n\n<p><\/p>\n\n\n\n<h3 class=\"wp-block-heading\"><strong>Exclusi\u00f3n de garant\u00edas y responsabilidad<\/strong><\/h3>\n\n\n\n<p>La Casa de Los Moyas no otorga ninguna garant\u00eda ni se hace responsable, en ning\u00fan caso, de los da\u00f1os y perjuicios de cualquier naturaleza que pudieran traer causa de:<\/p>\n\n\n\n<ul class=\"wp-block-list\"><li>La falta de disponibilidad, mantenimiento y efectivo funcionamiento de la web, o de sus servicios y contenidos;<\/li><li>La existencia de virus, programas maliciosos o lesivos en los contenidos;<\/li><li>El uso il\u00edcito, negligente, fraudulento o contrario a este Aviso Legal;<\/li><li>La falta de licitud, calidad, fiabilidad, utilidad y disponibilidad de los servicios prestados por terceros y puestos a disposici\u00f3n de los usuarios en el sitio web.<\/li><li>El prestador no se hace responsable bajo ning\u00fan concepto de los da\u00f1os que pudieran dimanar del uso ilegal o indebido de la presente p\u00e1gina web.<\/li><\/ul>\n\n\n\n<h3 class=\"wp-block-heading\"><strong>Ley aplicable y jurisdicci\u00f3n<\/strong><\/h3>\n\n\n\n<p>Con car\u00e1cter general las relaciones entre www.lacasadelosmoyas.com con los Usuarios de sus servicios telem\u00e1ticos, presentes en esta web se encuentran sometidas a la legislaci\u00f3n y jurisdicci\u00f3n espa\u00f1olas y a los tribunales de Teruel.<\/p>\n\n\n\n<h3 class=\"wp-block-heading\"><strong>Contacto<\/strong><\/h3>\n\n\n\n<p>En caso de que cualquier Usuario tuviese alguna duda acerca de este Aviso Legal o cualquier comentario sobre el portal www.lacasadelosmoyas.com, por favor dir\u00edjase a <a href=\"mailto:hola@lacasadelosmoyas.es\">hola@lacasadelosmoyas.es<\/a>.<\/p>\n\n\n\n<div style=\"height:46px\" aria-hidden=\"true\" class=\"wp-block-spacer\"><\/div>\n\n\n\n<h2 class=\"wp-block-heading\">POL\u00cdTICA DE COOKIES<\/h2>\n\n\n\n<p>El acceso a este Sitio Web puede implicar la utilizaci\u00f3n de cookies. Las cookies son peque\u00f1as cantidades de informaci\u00f3n que se almacenan en el navegador utilizado por cada Usuario \u2014en los distintos dispositivos que pueda utilizar para navegar\u2014 para que el servidor recuerde cierta informaci\u00f3n que posteriormente y \u00fanicamente el servidor que la implement\u00f3 leer\u00e1. Las cookies facilitan la navegaci\u00f3n, la hacen m\u00e1s amigable, y no da\u00f1an el dispositivo de navegaci\u00f3n.<\/p>\n\n\n\n<p>Las cookies son procedimientos autom\u00e1ticos de recogida de informaci\u00f3n relativa a las preferencias determinadas por el Usuario durante su visita al Sitio Web con el fin de reconocerlo como Usuario, y personalizar su experiencia y el uso del Sitio Web, y pueden tambi\u00e9n, por ejemplo, ayudar a identificar y resolver errores.<\/p>\n\n\n\n<p>La informaci\u00f3n recabada a trav\u00e9s de las cookies puede incluir la fecha y hora de visitas al Sitio Web, las p\u00e1ginas visionadas, el tiempo que ha estado en el Sitio Web y los sitios visitados justo antes y despu\u00e9s del mismo. Sin embargo, ninguna cookie permite que esta misma pueda contactarse con el n\u00famero de tel\u00e9fono del Usuario o con cualquier otro medio de contacto personal. Ninguna cookie puede extraer informaci\u00f3n del disco duro del Usuario o robar informaci\u00f3n personal. La \u00fanica manera de que la informaci\u00f3n privada del Usuario forme parte del archivo Cookie es que el usuario d\u00e9 personalmente esa informaci\u00f3n al servidor.<\/p>\n\n\n\n<p>Las cookies que permiten identificar a una persona se consideran datos personales. Por tanto, a las mismas les ser\u00e1 de aplicaci\u00f3n la Pol\u00edtica de Privacidad anteriormente descrita. En este sentido, para la utilizaci\u00f3n de las mismas ser\u00e1 necesario el consentimiento del Usuario. Este consentimiento ser\u00e1 comunicado, en base a una elecci\u00f3n aut\u00e9ntica, ofrecido mediante una decisi\u00f3n afirmativa y positiva, antes del tratamiento inicial, removible y documentado.<\/p>\n\n\n\n<h3 class=\"wp-block-heading\"><strong>Cookies propias<\/strong><\/h3>\n\n\n\n<p>Son aquellas cookies que son enviadas al ordenador o dispositivo del Usuario y gestionadas exclusivamente por La Casa de Los Moyas para el mejor funcionamiento del Sitio Web. La informaci\u00f3n que se recaba se emplea para mejorar la calidad del Sitio Web y su Contenido y su experiencia como Usuario. Estas cookies permiten reconocer al Usuario como visitante recurrente del Sitio Web y adaptar el contenido para ofrecerle contenidos que se ajusten a sus preferencias.<\/p>\n\n\n\n<h3 class=\"wp-block-heading\"><strong>Cookies de terceros<\/strong><\/h3>\n\n\n\n<p>Son cookies utilizadas y gestionadas por entidades externas que proporcionan a La Casa de Los Moyas servicios solicitados por este mismo para mejorar el Sitio Web y la experiencia del usuario al navegar en el Sitio Web. Los principales objetivos para los que se utilizan cookies de terceros son la obtenci\u00f3n de estad\u00edsticas de accesos y analizar la informaci\u00f3n de la navegaci\u00f3n, es decir, c\u00f3mo interact\u00faa el Usuario con el Sitio Web.<\/p>\n\n\n\n<p>La informaci\u00f3n que se obtiene se refiere, por ejemplo, al n\u00famero de p\u00e1ginas visitadas, el idioma, el lugar a la que la direcci\u00f3n IP desde el que accede el Usuario, el n\u00famero de Usuarios que acceden, la frecuencia y reincidencia de las visitas, el tiempo de visita, el navegador que usan, el operador o tipo de dipositivo desde el que se realiza la visita. Esta informaci\u00f3n se utiliza para mejorar el Sitio Web, y detectar nuevas necesidades para ofrecer a los Usuarios un Contenido y\/o servicio de \u00f3ptima calidad. En todo caso, la informaci\u00f3n se recopila de forma an\u00f3nima y se elaboran informes de tendencias del Sitio Web sin identificar a usuarios individuales.<\/p>\n\n\n\n<p>Puede obtener m\u00e1s informaci\u00f3n sobre las cookies, la informaci\u00f3n sobre la privacidad, o consultar la descripci\u00f3n del tipo de cookies que se utiliza, sus principales caracter\u00edsticas, periodo de expiraci\u00f3n, etc. en el siguiente(s) enlace(s):<\/p>\n\n\n\n<div class=\"wp-block-group\"><div class=\"wp-block-group__inner-container is-layout-flow wp-block-group-is-layout-flow\">\n<ul class=\"wp-block-list\"><li>Google Analytics: <a aria-label=\" (opens in a new tab)\" href=\"https:\/\/developers.google.com\/analytics\/devguides\/collection\/analyticsjs\/cookie-usage?hl=es\" target=\"_blank\" rel=\"noreferrer noopener nofollow\" class=\"rank-math-link\">https:\/\/developers.google.com\/analytics\/devguides\/collection\/analyticsjs\/cookie-usage?hl=es<\/a>\u00a0<\/li><li>Facebook: https:\/\/www.facebook.com\/policies\/cookies\/<\/li><li>Twitter: https:\/\/twitter.com\/es\/privacy <\/li><li>Instagram: https:\/\/help.instagram.com\/1896641480634370?ref=ig<\/li><li>Youtube: <a href=\"https:\/\/policies.google.com\/privacy?hl=es-419&amp;gl=mx\" target=\"_blank\" aria-label=\" (opens in a new tab)\" rel=\"noreferrer noopener nofollow\" class=\"rank-math-link\">https:\/\/policies.google.com\/privacy?hl=es-419&amp;gl=mx<\/a><\/li><\/ul>\n<\/div><\/div>\n\n\n\n<p>La(s) entidad(es) encargada(s) del suministro de cookies podr\u00e1(n) ceder esta informaci\u00f3n a terceros, siempre y cuando lo exija la ley o sea un tercero el que procese esta informaci\u00f3n para dichas entidades.<\/p>\n\n\n\n<h3 class=\"wp-block-heading\"><strong>Deshabilitar, rechazar y eliminar cookies<\/strong><\/h3>\n\n\n\n<p>El Usuario puede deshabilitar, rechazar y eliminar las cookies \u2014total o parcialmente\u2014 instaladas en su dispositivo mediante la configuraci\u00f3n de su navegador (entre los que se encuentran, por ejemplo, Chrome, Firefox, Safari, Explorer). En este sentido, los procedimientos para rechazar y eliminar las cookies pueden diferir de un navegador de Internet a otro. En consecuencia, el Usuario debe acudir a las instrucciones facilitadas por el propio navegador de Internet que est\u00e9 utilizando. En el supuesto de que rechace el uso de cookies \u2014total o parcialmente\u2014 podr\u00e1 seguir usando el Sitio Web, si bien podr\u00e1 tener limitada la utilizaci\u00f3n de algunas de las prestaciones del mismo.<\/p>\n","protected":false},"excerpt":{"rendered":"<p>AVISO LEGAL Objeto La presente p\u00e1gina web y todo su contenido, incluidos los servicios prestados, pertenece a la casa rural La Casa de Los Moyas (en adelante, La Casa de Los Moyas), con n\u00ba de inscripci\u00f3n en el Registro oficial de Turismo del Gobierno de Arag\u00f3n CR-TE-606, cuya responsable es Teresa Laguna, provista de CIF [&hellip;]<\/p>\n","protected":false},"author":3,"featured_media":0,"parent":0,"menu_order":0,"comment_status":"closed","ping_status":"closed","template":"","meta":{"_acf_changed":false,"footnotes":""},"class_list":["post-4359","page","type-page","status-publish","hentry"],"acf":[],"_links":{"self":[{"href":"https:\/\/lacasadelosmoyas.com\/en\/wp-json\/wp\/v2\/pages\/4359","targetHints":{"allow":["GET"]}}],"collection":[{"href":"https:\/\/lacasadelosmoyas.com\/en\/wp-json\/wp\/v2\/pages"}],"about":[{"href":"https:\/\/lacasadelosmoyas.com\/en\/wp-json\/wp\/v2\/types\/page"}],"author":[{"embeddable":true,"href":"https:\/\/lacasadelosmoyas.com\/en\/wp-json\/wp\/v2\/users\/3"}],"replies":[{"embeddable":true,"href":"https:\/\/lacasadelosmoyas.com\/en\/wp-json\/wp\/v2\/comments?post=4359"}],"version-history":[{"count":1,"href":"https:\/\/lacasadelosmoyas.com\/en\/wp-json\/wp\/v2\/pages\/4359\/revisions"}],"predecessor-version":[{"id":4360,"href":"https:\/\/lacasadelosmoyas.com\/en\/wp-json\/wp\/v2\/pages\/4359\/revisions\/4360"}],"wp:attachment":[{"href":"https:\/\/lacasadelosmoyas.com\/en\/wp-json\/wp\/v2\/media?parent=4359"}],"curies":[{"name":"wp","href":"https:\/\/api.w.org\/{rel}","templated":true}]}}